{"id":11425,"date":"2025-12-18T14:28:39","date_gmt":"2025-12-18T14:28:39","guid":{"rendered":"https:\/\/grupo-padilla.com\/?page_id=11425"},"modified":"2026-02-17T19:57:13","modified_gmt":"2026-02-17T19:57:13","slug":"enfoque-2","status":"publish","type":"page","link":"https:\/\/grupo-padilla.com\/en\/enfoque-2","title":{"rendered":"CC Enfoque"},"content":{"rendered":"<div data-elementor-type=\"wp-page\" data-elementor-id=\"11425\" class=\"elementor elementor-11425\">\n\t\t\t\t\t\t<section class=\"elementor-section elementor-top-section elementor-element elementor-element-19839d2 elementor-section-full_width elementor-section-height-min-height elementor-section-height-default elementor-section-items-middle\" data-id=\"19839d2\" data-element_type=\"section\" data-e-type=\"section\" data-settings=\"{&quot;background_background&quot;:&quot;classic&quot;}\">\n\t\t\t\t\t\t\t<div class=\"elementor-background-overlay\"><\/div>\n\t\t\t\t\t\t\t<div class=\"elementor-container elementor-column-gap-no\">\n\t\t\t\t\t<div class=\"elementor-column elementor-col-100 elementor-top-column elementor-element elementor-element-9fa3f9d\" data-id=\"9fa3f9d\" data-element_type=\"column\" data-e-type=\"column\">\n\t\t\t<div class=\"elementor-widget-wrap elementor-element-populated\">\n\t\t\t\t\t\t<div class=\"elementor-element elementor-element-a1cd4e7 elementor-widget elementor-widget-heading\" data-id=\"a1cd4e7\" data-element_type=\"widget\" data-e-type=\"widget\" data-widget_type=\"heading.default\">\n\t\t\t\t<div class=\"elementor-widget-container\">\n\t\t\t\t\t<h1 class=\"elementor-heading-title elementor-size-default\">Focus<\/h1>\t\t\t\t<\/div>\n\t\t\t\t<\/div>\n\t\t\t\t\t<\/div>\n\t\t<\/div>\n\t\t\t\t\t<\/div>\n\t\t<\/section>\n\t\t\t\t<section class=\"elementor-section elementor-top-section elementor-element elementor-element-d900a1a elementor-section-full_width elementor-section-height-default elementor-section-height-default\" data-id=\"d900a1a\" data-element_type=\"section\" data-e-type=\"section\" data-settings=\"{&quot;background_background&quot;:&quot;classic&quot;}\">\n\t\t\t\t\t\t<div class=\"elementor-container elementor-column-gap-no\">\n\t\t\t\t\t<div class=\"elementor-column elementor-col-100 elementor-top-column elementor-element elementor-element-ea325c9\" data-id=\"ea325c9\" data-element_type=\"column\" data-e-type=\"column\">\n\t\t\t<div class=\"elementor-widget-wrap elementor-element-populated\">\n\t\t\t\t\t\t<div class=\"elementor-element elementor-element-b56d4d0 elementor-widget elementor-widget-leroux_core_section_title\" data-id=\"b56d4d0\" data-element_type=\"widget\" data-e-type=\"widget\" data-widget_type=\"leroux_core_section_title.default\">\n\t\t\t\t<div class=\"elementor-widget-container\">\n\t\t\t\t\t<div class=\"qodef-shortcode qodef-m qodef-section-title qodef-alignment--left\">\n\t\t<h1 class=\"qodef-m-title\" >\n\t\t\t\t\tContinuous Innovation\t\t\t<\/h1>\n\t<\/div>\n\t\t\t\t<\/div>\n\t\t\t\t<\/div>\n\t\t\t\t<div class=\"elementor-element elementor-element-bd2053c elementor-widget__width-initial elementor-widget elementor-widget-text-editor\" data-id=\"bd2053c\" data-element_type=\"widget\" data-e-type=\"widget\" data-widget_type=\"text-editor.default\">\n\t\t\t\t<div class=\"elementor-widget-container\">\n\t\t\t\t\t\t\t\t\t<p>We are the leading private investment fund in Central America. Our focus on creating value and operational excellence has made us the fastest-growing fund in Central America.\u00a0<\/p>\t\t\t\t\t\t\t\t<\/div>\n\t\t\t\t<\/div>\n\t\t\t\t<div class=\"elementor-element elementor-element-407ee49 elementor-widget elementor-widget-leroux_core_button\" data-id=\"407ee49\" data-element_type=\"widget\" data-e-type=\"widget\" data-widget_type=\"leroux_core_button.default\">\n\t\t\t\t<div class=\"elementor-widget-container\">\n\t\t\t\t\t<a class=\"qodef-shortcode qodef-m qodef-button qodef-layout--outlined qodef-html--link\" href=\"https:\/\/leroux.qodeinteractive.com\/about-us\/\" target=\"_self\" data-hover-color=\"#020201\" style=\"color: #000000;font-weight: 500\">\n\t<span class=\"qodef-m-text\">Ver Mas<\/span>\n    <span class=\"qodef-m-arrow\"><svg class=\"qodef-svg--button-arrow\" xmlns=\"http:\/\/www.w3.org\/2000\/svg\" width=\"10\" height=\"10\" viewbox=\"0 0 9.8 9.8\"><g><path d=\"m.4 9.4 9-9\"\/><path d=\"M.4.5h8.9\"\/><path d=\"M9.3 9.4V.5\"\/><\/g><g><path d=\"m.4 9.4 9-9\"\/><path d=\"M.4.5h8.9\"\/><path d=\"M9.3 9.4V.5\"\/><\/g><\/svg><\/span>\n<\/a>\n\t\t\t\t<\/div>\n\t\t\t\t<\/div>\n\t\t\t\t\t<\/div>\n\t\t<\/div>\n\t\t\t\t\t<\/div>\n\t\t<\/section>\n\t\t<div class=\"elementor-element elementor-element-e1229ff e-flex e-con-boxed e-con e-parent\" data-id=\"e1229ff\" data-element_type=\"container\" data-e-type=\"container\" data-settings=\"{&quot;background_background&quot;:&quot;classic&quot;}\">\n\t\t\t\t\t<div class=\"e-con-inner\">\n\t\t\t\t<div class=\"elementor-element elementor-element-cf98540 elementor-widget elementor-widget-text-editor\" data-id=\"cf98540\" data-element_type=\"widget\" data-e-type=\"widget\" data-widget_type=\"text-editor.default\">\n\t\t\t\t<div class=\"elementor-widget-container\">\n\t\t\t\t\t\t\t\t\t<p>Centrica is dedicated to recognizing and investing in promising businesses, both established and emerging.\u00a0<\/p>\t\t\t\t\t\t\t\t<\/div>\n\t\t\t\t<\/div>\n\t\t\t\t\t<\/div>\n\t\t\t\t<\/div>\n\t\t<div class=\"elementor-element elementor-element-274ccf3 e-grid e-con-boxed e-con e-parent\" data-id=\"274ccf3\" data-element_type=\"container\" data-e-type=\"container\" data-settings=\"{&quot;background_background&quot;:&quot;classic&quot;}\">\n\t\t\t\t\t<div class=\"e-con-inner\">\n\t\t\t\t<div class=\"elementor-element elementor-element-8be7a83 elementor-widget elementor-widget-heading\" data-id=\"8be7a83\" data-element_type=\"widget\" data-e-type=\"widget\" id=\"Diversificacion\" data-widget_type=\"heading.default\">\n\t\t\t\t<div class=\"elementor-widget-container\">\n\t\t\t\t\t<h2 class=\"elementor-heading-title elementor-size-default\"><a href=\"#Diversificacion\">Diversification<\/a><\/h2>\t\t\t\t<\/div>\n\t\t\t\t<\/div>\n\t\t\t\t<div class=\"elementor-element elementor-element-ebdba4a elementor-widget elementor-widget-text-editor\" data-id=\"ebdba4a\" data-element_type=\"widget\" data-e-type=\"widget\" data-widget_type=\"text-editor.default\">\n\t\t\t\t<div class=\"elementor-widget-container\">\n\t\t\t\t\t\t\t\t\t<p>We seek to diversify investments in North America and Latin America through M&amp;A, Private Equity and Alternative Funds processes with the purpose of maximizing opportunities and mitigating risks.<\/p>\t\t\t\t\t\t\t\t<\/div>\n\t\t\t\t<\/div>\n\t\t\t\t\t<\/div>\n\t\t\t\t<\/div>\n\t\t<div class=\"elementor-element elementor-element-4ee78f4 e-flex e-con-boxed e-con e-parent\" data-id=\"4ee78f4\" data-element_type=\"container\" data-e-type=\"container\" data-settings=\"{&quot;background_background&quot;:&quot;classic&quot;}\">\n\t\t\t\t\t<div class=\"e-con-inner\">\n\t\t\t\t<div class=\"elementor-element elementor-element-2d9991a elementor-widget-divider--view-line elementor-widget elementor-widget-divider\" data-id=\"2d9991a\" data-element_type=\"widget\" data-e-type=\"widget\" data-widget_type=\"divider.default\">\n\t\t\t\t<div class=\"elementor-widget-container\">\n\t\t\t\t\t\t\t<div class=\"elementor-divider\">\n\t\t\t<span class=\"elementor-divider-separator\">\n\t\t\t\t\t\t<\/span>\n\t\t<\/div>\n\t\t\t\t\t\t<\/div>\n\t\t\t\t<\/div>\n\t\t\t\t\t<\/div>\n\t\t\t\t<\/div>\n\t\t<div class=\"elementor-element elementor-element-315f683 e-grid e-con-boxed e-con e-parent\" data-id=\"315f683\" data-element_type=\"container\" data-e-type=\"container\" data-settings=\"{&quot;background_background&quot;:&quot;classic&quot;}\">\n\t\t\t\t\t<div class=\"e-con-inner\">\n\t\t\t\t<div class=\"elementor-element elementor-element-1b38fe4 elementor-widget elementor-widget-heading\" data-id=\"1b38fe4\" data-element_type=\"widget\" data-e-type=\"widget\" id=\"Gestion de Riesgos\" data-widget_type=\"heading.default\">\n\t\t\t\t<div class=\"elementor-widget-container\">\n\t\t\t\t\t<h2 class=\"elementor-heading-title elementor-size-default\"><a href=\"#Gestion%20de%20Riesgos\">Risk Management<\/a><\/h2>\t\t\t\t<\/div>\n\t\t\t\t<\/div>\n\t\t\t\t<div class=\"elementor-element elementor-element-b65f093 elementor-widget elementor-widget-text-editor\" data-id=\"b65f093\" data-element_type=\"widget\" data-e-type=\"widget\" data-widget_type=\"text-editor.default\">\n\t\t\t\t<div class=\"elementor-widget-container\">\n\t\t\t\t\t\t\t\t\t<p>Risk management is integrated into every stage of our investment process. We control exposure through strategic diversification across asset classes, industries, and geographies. Our approach is underpinned by rigorous due diligence, selective partnerships, and active monitoring, enabling us to mitigate risk in the face of changing market environments.<\/p>\t\t\t\t\t\t\t\t<\/div>\n\t\t\t\t<\/div>\n\t\t\t\t\t<\/div>\n\t\t\t\t<\/div>\n\t\t<div class=\"elementor-element elementor-element-3bd4307 e-flex e-con-boxed e-con e-parent\" data-id=\"3bd4307\" data-element_type=\"container\" data-e-type=\"container\" data-settings=\"{&quot;background_background&quot;:&quot;classic&quot;}\">\n\t\t\t\t\t<div class=\"e-con-inner\">\n\t\t\t\t<div class=\"elementor-element elementor-element-7a1f3ac elementor-widget-divider--view-line elementor-widget elementor-widget-divider\" data-id=\"7a1f3ac\" data-element_type=\"widget\" data-e-type=\"widget\" data-widget_type=\"divider.default\">\n\t\t\t\t<div class=\"elementor-widget-container\">\n\t\t\t\t\t\t\t<div class=\"elementor-divider\">\n\t\t\t<span class=\"elementor-divider-separator\">\n\t\t\t\t\t\t<\/span>\n\t\t<\/div>\n\t\t\t\t\t\t<\/div>\n\t\t\t\t<\/div>\n\t\t\t\t\t<\/div>\n\t\t\t\t<\/div>\n\t\t<div class=\"elementor-element elementor-element-73c005a e-grid e-con-boxed e-con e-parent\" data-id=\"73c005a\" data-element_type=\"container\" data-e-type=\"container\" data-settings=\"{&quot;background_background&quot;:&quot;classic&quot;}\">\n\t\t\t\t\t<div class=\"e-con-inner\">\n\t\t\t\t<div class=\"elementor-element elementor-element-7d08b50 elementor-widget elementor-widget-heading\" data-id=\"7d08b50\" data-element_type=\"widget\" data-e-type=\"widget\" id=\"Adaptabilidad\" data-widget_type=\"heading.default\">\n\t\t\t\t<div class=\"elementor-widget-container\">\n\t\t\t\t\t<h2 class=\"elementor-heading-title elementor-size-default\"><a href=\"#Adaptabilidad\">Adaptability<\/a><\/h2>\t\t\t\t<\/div>\n\t\t\t\t<\/div>\n\t\t\t\t<div class=\"elementor-element elementor-element-bad75f6 elementor-widget elementor-widget-text-editor\" data-id=\"bad75f6\" data-element_type=\"widget\" data-e-type=\"widget\" data-widget_type=\"text-editor.default\">\n\t\t\t\t<div class=\"elementor-widget-container\">\n\t\t\t\t\t\t\t\t\t<p>Adaptability is key to our approach. We adjust our investment strategies to align with market conditions and capitalize on emerging trends, ensuring the relevance of our investments.<\/p>\t\t\t\t\t\t\t\t<\/div>\n\t\t\t\t<\/div>\n\t\t\t\t\t<\/div>\n\t\t\t\t<\/div>\n\t\t<div class=\"elementor-element elementor-element-3067b76 e-flex e-con-boxed e-con e-parent\" data-id=\"3067b76\" data-element_type=\"container\" data-e-type=\"container\" data-settings=\"{&quot;background_background&quot;:&quot;classic&quot;}\">\n\t\t\t\t\t<div class=\"e-con-inner\">\n\t\t\t\t<div class=\"elementor-element elementor-element-67089c5 elementor-widget-divider--view-line elementor-widget elementor-widget-divider\" data-id=\"67089c5\" data-element_type=\"widget\" data-e-type=\"widget\" data-widget_type=\"divider.default\">\n\t\t\t\t<div class=\"elementor-widget-container\">\n\t\t\t\t\t\t\t<div class=\"elementor-divider\">\n\t\t\t<span class=\"elementor-divider-separator\">\n\t\t\t\t\t\t<\/span>\n\t\t<\/div>\n\t\t\t\t\t\t<\/div>\n\t\t\t\t<\/div>\n\t\t\t\t\t<\/div>\n\t\t\t\t<\/div>\n\t\t<div class=\"elementor-element elementor-element-f445f21 e-grid e-con-boxed e-con e-parent\" data-id=\"f445f21\" data-element_type=\"container\" data-e-type=\"container\" data-settings=\"{&quot;background_background&quot;:&quot;classic&quot;}\">\n\t\t\t\t\t<div class=\"e-con-inner\">\n\t\t\t\t<div class=\"elementor-element elementor-element-8601243 elementor-widget elementor-widget-heading\" data-id=\"8601243\" data-element_type=\"widget\" data-e-type=\"widget\" id=\"Experiencia\" data-widget_type=\"heading.default\">\n\t\t\t\t<div class=\"elementor-widget-container\">\n\t\t\t\t\t<h2 class=\"elementor-heading-title elementor-size-default\"><a href=\"#Experiencia\">Experience<\/a><\/h2>\t\t\t\t<\/div>\n\t\t\t\t<\/div>\n\t\t\t\t<div class=\"elementor-element elementor-element-fc13bb1 elementor-widget elementor-widget-text-editor\" data-id=\"fc13bb1\" data-element_type=\"widget\" data-e-type=\"widget\" data-widget_type=\"text-editor.default\">\n\t\t\t\t<div class=\"elementor-widget-container\">\n\t\t\t\t\t\t\t\t\t<p>Our team of specialists brings decades of regional experience and deep market knowledge, ensuring informed and strategic decisions that drive the growth of our investments.<br \/>Our international experience allows us to identify and enhance unique investment opportunities.<\/p>\t\t\t\t\t\t\t\t<\/div>\n\t\t\t\t<\/div>\n\t\t\t\t\t<\/div>\n\t\t\t\t<\/div>\n\t\t<div class=\"elementor-element elementor-element-b788cb1 e-flex e-con-boxed e-con e-parent\" data-id=\"b788cb1\" data-element_type=\"container\" data-e-type=\"container\" data-settings=\"{&quot;background_background&quot;:&quot;classic&quot;}\">\n\t\t\t\t\t<div class=\"e-con-inner\">\n\t\t\t\t<div class=\"elementor-element elementor-element-726ec01 elementor-widget-divider--view-line elementor-widget elementor-widget-divider\" data-id=\"726ec01\" data-element_type=\"widget\" data-e-type=\"widget\" data-widget_type=\"divider.default\">\n\t\t\t\t<div class=\"elementor-widget-container\">\n\t\t\t\t\t\t\t<div class=\"elementor-divider\">\n\t\t\t<span class=\"elementor-divider-separator\">\n\t\t\t\t\t\t<\/span>\n\t\t<\/div>\n\t\t\t\t\t\t<\/div>\n\t\t\t\t<\/div>\n\t\t\t\t\t<\/div>\n\t\t\t\t<\/div>\n\t\t\t\t<\/div>","protected":false},"excerpt":{"rendered":"<p>Enfoque Innovaci\u00f3n Permanente Somos el fondo de inversion privada lider en centroamerica. Nuestro enfoque en crear valor y excelencia operativa nos han hecho con el fondo de mayor\u00a0 crecimiento\u00a0 de CentroAmerica.\u00a0 Ver Mas Centrica se dedica a reconocer e invertir en prometedores negocios, tanto establecidos como emergentes.\u00a0 Diversificaci\u00f3n Buscamos la diversificaci\u00f3n de inversiones en Norteam\u00e9rica [&hellip;]<\/p>\n","protected":false},"author":2,"featured_media":0,"parent":0,"menu_order":0,"comment_status":"closed","ping_status":"closed","template":"page-full-width.php","meta":{"footnotes":""},"class_list":["post-11425","page","type-page","status-publish","hentry"],"yoast_head":"<!-- This site is optimized with the Yoast SEO plugin v27.5 - https:\/\/yoast.com\/product\/yoast-seo-wordpress\/ -->\n<title>CC Enfoque - Centrica Capital<\/title>\n<meta name=\"robots\" content=\"index, follow, max-snippet:-1, max-image-preview:large, max-video-preview:-1\" \/>\n<link rel=\"canonical\" href=\"https:\/\/grupo-padilla.com\/en\/enfoque-2\/\" \/>\n<meta property=\"og:locale\" content=\"en_US\" \/>\n<meta property=\"og:type\" content=\"article\" \/>\n<meta property=\"og:title\" content=\"CC Enfoque - Centrica Capital\" \/>\n<meta property=\"og:description\" content=\"Enfoque Innovaci\u00f3n Permanente Somos el fondo de inversion privada lider en centroamerica. Nuestro enfoque en crear valor y excelencia operativa nos han hecho con el fondo de mayor\u00a0 crecimiento\u00a0 de CentroAmerica.\u00a0 Ver Mas Centrica se dedica a reconocer e invertir en prometedores negocios, tanto establecidos como emergentes.\u00a0 Diversificaci\u00f3n Buscamos la diversificaci\u00f3n de inversiones en Norteam\u00e9rica [&hellip;]\" \/>\n<meta property=\"og:url\" content=\"https:\/\/grupo-padilla.com\/en\/enfoque-2\/\" \/>\n<meta property=\"og:site_name\" content=\"Centrica Capital\" \/>\n<meta property=\"article:modified_time\" content=\"2026-02-17T19:57:13+00:00\" \/>\n<meta name=\"twitter:card\" content=\"summary_large_image\" \/>\n<meta name=\"twitter:label1\" content=\"Est. reading time\" \/>\n\t<meta name=\"twitter:data1\" content=\"1 minute\" \/>\n<script type=\"application\/ld+json\" class=\"yoast-schema-graph\">{\"@context\":\"https:\\\/\\\/schema.org\",\"@graph\":[{\"@type\":\"WebPage\",\"@id\":\"https:\\\/\\\/grupo-padilla.com\\\/enfoque-2\",\"url\":\"https:\\\/\\\/grupo-padilla.com\\\/enfoque-2\",\"name\":\"CC Enfoque - Centrica Capital\",\"isPartOf\":{\"@id\":\"https:\\\/\\\/grupo-padilla.com\\\/#website\"},\"datePublished\":\"2025-12-18T14:28:39+00:00\",\"dateModified\":\"2026-02-17T19:57:13+00:00\",\"breadcrumb\":{\"@id\":\"https:\\\/\\\/grupo-padilla.com\\\/enfoque-2#breadcrumb\"},\"inLanguage\":\"en-US\",\"potentialAction\":[{\"@type\":\"ReadAction\",\"target\":[\"https:\\\/\\\/grupo-padilla.com\\\/enfoque-2\"]}]},{\"@type\":\"BreadcrumbList\",\"@id\":\"https:\\\/\\\/grupo-padilla.com\\\/enfoque-2#breadcrumb\",\"itemListElement\":[{\"@type\":\"ListItem\",\"position\":1,\"name\":\"Home\",\"item\":\"https:\\\/\\\/grupo-padilla.com\\\/\"},{\"@type\":\"ListItem\",\"position\":2,\"name\":\"CC Enfoque\"}]},{\"@type\":\"WebSite\",\"@id\":\"https:\\\/\\\/grupo-padilla.com\\\/#website\",\"url\":\"https:\\\/\\\/grupo-padilla.com\\\/\",\"name\":\"Centrica Capital\",\"description\":\"\",\"publisher\":{\"@id\":\"https:\\\/\\\/grupo-padilla.com\\\/#organization\"},\"potentialAction\":[{\"@type\":\"SearchAction\",\"target\":{\"@type\":\"EntryPoint\",\"urlTemplate\":\"https:\\\/\\\/grupo-padilla.com\\\/?s={search_term_string}\"},\"query-input\":{\"@type\":\"PropertyValueSpecification\",\"valueRequired\":true,\"valueName\":\"search_term_string\"}}],\"inLanguage\":\"en-US\"},{\"@type\":\"Organization\",\"@id\":\"https:\\\/\\\/grupo-padilla.com\\\/#organization\",\"name\":\"Centrica Capital\",\"url\":\"https:\\\/\\\/grupo-padilla.com\\\/\",\"logo\":{\"@type\":\"ImageObject\",\"inLanguage\":\"en-US\",\"@id\":\"https:\\\/\\\/grupo-padilla.com\\\/#\\\/schema\\\/logo\\\/image\\\/\",\"url\":\"https:\\\/\\\/grupo-padilla.com\\\/wp-content\\\/uploads\\\/2025\\\/12\\\/cropped-Untitled-300-x-280-px.png\",\"contentUrl\":\"https:\\\/\\\/grupo-padilla.com\\\/wp-content\\\/uploads\\\/2025\\\/12\\\/cropped-Untitled-300-x-280-px.png\",\"width\":700,\"height\":280,\"caption\":\"Centrica Capital\"},\"image\":{\"@id\":\"https:\\\/\\\/grupo-padilla.com\\\/#\\\/schema\\\/logo\\\/image\\\/\"}}]}<\/script>\n<!-- \/ Yoast SEO plugin. -->","yoast_head_json":{"title":"CC Enfoque - Centrica Capital","robots":{"index":"index","follow":"follow","max-snippet":"max-snippet:-1","max-image-preview":"max-image-preview:large","max-video-preview":"max-video-preview:-1"},"canonical":"https:\/\/grupo-padilla.com\/en\/enfoque-2\/","og_locale":"en_US","og_type":"article","og_title":"CC Enfoque - Centrica Capital","og_description":"Enfoque Innovaci\u00f3n Permanente Somos el fondo de inversion privada lider en centroamerica. Nuestro enfoque en crear valor y excelencia operativa nos han hecho con el fondo de mayor\u00a0 crecimiento\u00a0 de CentroAmerica.\u00a0 Ver Mas Centrica se dedica a reconocer e invertir en prometedores negocios, tanto establecidos como emergentes.\u00a0 Diversificaci\u00f3n Buscamos la diversificaci\u00f3n de inversiones en Norteam\u00e9rica [&hellip;]","og_url":"https:\/\/grupo-padilla.com\/en\/enfoque-2\/","og_site_name":"Centrica Capital","article_modified_time":"2026-02-17T19:57:13+00:00","twitter_card":"summary_large_image","twitter_misc":{"Est. reading time":"1 minute"},"schema":{"@context":"https:\/\/schema.org","@graph":[{"@type":"WebPage","@id":"https:\/\/grupo-padilla.com\/enfoque-2","url":"https:\/\/grupo-padilla.com\/enfoque-2","name":"CC Enfoque - Centrica Capital","isPartOf":{"@id":"https:\/\/grupo-padilla.com\/#website"},"datePublished":"2025-12-18T14:28:39+00:00","dateModified":"2026-02-17T19:57:13+00:00","breadcrumb":{"@id":"https:\/\/grupo-padilla.com\/enfoque-2#breadcrumb"},"inLanguage":"en-US","potentialAction":[{"@type":"ReadAction","target":["https:\/\/grupo-padilla.com\/enfoque-2"]}]},{"@type":"BreadcrumbList","@id":"https:\/\/grupo-padilla.com\/enfoque-2#breadcrumb","itemListElement":[{"@type":"ListItem","position":1,"name":"Home","item":"https:\/\/grupo-padilla.com\/"},{"@type":"ListItem","position":2,"name":"CC Enfoque"}]},{"@type":"WebSite","@id":"https:\/\/grupo-padilla.com\/#website","url":"https:\/\/grupo-padilla.com\/","name":"Centrica Capital","description":"","publisher":{"@id":"https:\/\/grupo-padilla.com\/#organization"},"potentialAction":[{"@type":"SearchAction","target":{"@type":"EntryPoint","urlTemplate":"https:\/\/grupo-padilla.com\/?s={search_term_string}"},"query-input":{"@type":"PropertyValueSpecification","valueRequired":true,"valueName":"search_term_string"}}],"inLanguage":"en-US"},{"@type":"Organization","@id":"https:\/\/grupo-padilla.com\/#organization","name":"Centrica Capital","url":"https:\/\/grupo-padilla.com\/","logo":{"@type":"ImageObject","inLanguage":"en-US","@id":"https:\/\/grupo-padilla.com\/#\/schema\/logo\/image\/","url":"https:\/\/grupo-padilla.com\/wp-content\/uploads\/2025\/12\/cropped-Untitled-300-x-280-px.png","contentUrl":"https:\/\/grupo-padilla.com\/wp-content\/uploads\/2025\/12\/cropped-Untitled-300-x-280-px.png","width":700,"height":280,"caption":"Centrica Capital"},"image":{"@id":"https:\/\/grupo-padilla.com\/#\/schema\/logo\/image\/"}}]}},"_links":{"self":[{"href":"https:\/\/grupo-padilla.com\/en\/wp-json\/wp\/v2\/pages\/11425","targetHints":{"allow":["GET"]}}],"collection":[{"href":"https:\/\/grupo-padilla.com\/en\/wp-json\/wp\/v2\/pages"}],"about":[{"href":"https:\/\/grupo-padilla.com\/en\/wp-json\/wp\/v2\/types\/page"}],"author":[{"embeddable":true,"href":"https:\/\/grupo-padilla.com\/en\/wp-json\/wp\/v2\/users\/2"}],"replies":[{"embeddable":true,"href":"https:\/\/grupo-padilla.com\/en\/wp-json\/wp\/v2\/comments?post=11425"}],"version-history":[{"count":79,"href":"https:\/\/grupo-padilla.com\/en\/wp-json\/wp\/v2\/pages\/11425\/revisions"}],"predecessor-version":[{"id":12299,"href":"https:\/\/grupo-padilla.com\/en\/wp-json\/wp\/v2\/pages\/11425\/revisions\/12299"}],"wp:attachment":[{"href":"https:\/\/grupo-padilla.com\/en\/wp-json\/wp\/v2\/media?parent=11425"}],"curies":[{"name":"wp","href":"https:\/\/api.w.org\/{rel}","templated":true}]}}