{"id":11447,"date":"2025-12-18T20:03:16","date_gmt":"2025-12-18T20:03:16","guid":{"rendered":"https:\/\/grupo-padilla.com\/?page_id=11447"},"modified":"2026-02-03T17:03:40","modified_gmt":"2026-02-03T17:03:40","slug":"acerca-de-nostotros-template","status":"publish","type":"page","link":"https:\/\/grupo-padilla.com\/en\/acerca-de-nostotros-template","title":{"rendered":"CC Acerca de Nosotros"},"content":{"rendered":"<div data-elementor-type=\"wp-page\" data-elementor-id=\"11447\" class=\"elementor elementor-11447\">\n\t\t\t\t\t\t<section class=\"elementor-section elementor-top-section elementor-element elementor-element-19839d2 elementor-section-full_width elementor-section-height-min-height elementor-section-height-default elementor-section-items-middle\" data-id=\"19839d2\" data-element_type=\"section\" data-e-type=\"section\" data-settings=\"{&quot;background_background&quot;:&quot;classic&quot;}\">\n\t\t\t\t\t\t\t<div class=\"elementor-background-overlay\"><\/div>\n\t\t\t\t\t\t\t<div class=\"elementor-container elementor-column-gap-no\">\n\t\t\t\t\t<div class=\"elementor-column elementor-col-100 elementor-top-column elementor-element elementor-element-9fa3f9d\" data-id=\"9fa3f9d\" data-element_type=\"column\" data-e-type=\"column\">\n\t\t\t<div class=\"elementor-widget-wrap elementor-element-populated\">\n\t\t\t\t\t\t<div class=\"elementor-element elementor-element-e09699f elementor-widget elementor-widget-heading\" data-id=\"e09699f\" data-element_type=\"widget\" data-e-type=\"widget\" data-widget_type=\"heading.default\">\n\t\t\t\t<div class=\"elementor-widget-container\">\n\t\t\t\t\t<h1 class=\"elementor-heading-title elementor-size-default\">About Us<\/h1>\t\t\t\t<\/div>\n\t\t\t\t<\/div>\n\t\t\t\t\t<\/div>\n\t\t<\/div>\n\t\t\t\t\t<\/div>\n\t\t<\/section>\n\t\t\t\t<section class=\"elementor-section elementor-top-section elementor-element elementor-element-d900a1a elementor-section-full_width elementor-section-height-default elementor-section-height-default\" data-id=\"d900a1a\" data-element_type=\"section\" data-e-type=\"section\" data-settings=\"{&quot;background_background&quot;:&quot;classic&quot;}\">\n\t\t\t\t\t\t<div class=\"elementor-container elementor-column-gap-no\">\n\t\t\t\t\t<div class=\"elementor-column elementor-col-100 elementor-top-column elementor-element elementor-element-ea325c9\" data-id=\"ea325c9\" data-element_type=\"column\" data-e-type=\"column\">\n\t\t\t<div class=\"elementor-widget-wrap elementor-element-populated\">\n\t\t\t\t\t\t<div class=\"elementor-element elementor-element-bd2053c elementor-widget__width-initial elementor-widget elementor-widget-text-editor\" data-id=\"bd2053c\" data-element_type=\"widget\" data-e-type=\"widget\" data-widget_type=\"text-editor.default\">\n\t\t\t\t<div class=\"elementor-widget-container\">\n\t\t\t\t\t\t\t\t\t<p><a href=\"#Mision\">Centrica Capital<\/a> is a multi-strategic private investment firm dedicated to identifying and developing investment opportunities in private equity, alternative investments, and mergers and acquisitions in the middle markets sector. We focus on portfolio diversification, flexibility, and collaboration with strategic partners to maximize the return on our investments.<\/p>\t\t\t\t\t\t\t\t<\/div>\n\t\t\t\t<\/div>\n\t\t\t\t\t<\/div>\n\t\t<\/div>\n\t\t\t\t\t<\/div>\n\t\t<\/section>\n\t\t\t\t<section class=\"elementor-section elementor-top-section elementor-element elementor-element-5f3ec57 elementor-section-full_width elementor-section-height-default elementor-section-height-default\" data-id=\"5f3ec57\" data-element_type=\"section\" data-e-type=\"section\" data-settings=\"{&quot;background_background&quot;:&quot;classic&quot;}\">\n\t\t\t\t\t\t<div class=\"elementor-container elementor-column-gap-no\">\n\t\t\t\t\t<div class=\"elementor-column elementor-col-100 elementor-top-column elementor-element elementor-element-5dfaf16\" data-id=\"5dfaf16\" data-element_type=\"column\" data-e-type=\"column\">\n\t\t\t<div class=\"elementor-widget-wrap elementor-element-populated\">\n\t\t\t\t\t\t<div class=\"elementor-element elementor-element-0030b80 elementor-widget elementor-widget-leroux_core_section_title\" data-id=\"0030b80\" data-element_type=\"widget\" data-e-type=\"widget\" id=\"Vision\" data-widget_type=\"leroux_core_section_title.default\">\n\t\t\t\t<div class=\"elementor-widget-container\">\n\t\t\t\t\t<div class=\"qodef-shortcode qodef-m qodef-section-title qodef-alignment--left\">\n\t\t<h1 class=\"qodef-m-title\" >\n\t\t\t\t\t<a itemprop=\"url\" href=\"#Vision\" target=\"_self\">\n\t\t\t\t\tVision\t\t\t\t\t<\/a>\n\t\t\t<\/h1>\n\t<\/div>\n\t\t\t\t<\/div>\n\t\t\t\t<\/div>\n\t\t\t\t<div class=\"elementor-element elementor-element-99a38d8 elementor-widget__width-initial elementor-widget elementor-widget-text-editor\" data-id=\"99a38d8\" data-element_type=\"widget\" data-e-type=\"widget\" data-widget_type=\"text-editor.default\">\n\t\t\t\t<div class=\"elementor-widget-container\">\n\t\t\t\t\t\t\t\t\t<p>To be a leading private investment firm in the Americas, investing in global markets through alternative and direct investments that drive sustainable growth and generate long-term value for our investors.<\/p>\t\t\t\t\t\t\t\t<\/div>\n\t\t\t\t<\/div>\n\t\t\t\t\t<\/div>\n\t\t<\/div>\n\t\t\t\t\t<\/div>\n\t\t<\/section>\n\t\t\t\t<\/div>","protected":false},"excerpt":{"rendered":"<p>Acerca de Nosotros Centrica Capital es una firma de inversi\u00f3n privada, multiestrat\u00e9gica, que se dedica a identificar y potenciar oportunidades de inversion en Private Equity, Inversiones Alternativas y Fusiones &amp; Adquisiciones en el sector de Middle Markets. Nos enfocamos en la diversificaci\u00f3n de portafolio, flexibilidad y la colaboraci\u00f3n con socios estrat\u00e9gicos para maximizar el retorno [&hellip;]<\/p>\n","protected":false},"author":2,"featured_media":0,"parent":0,"menu_order":0,"comment_status":"closed","ping_status":"closed","template":"page-full-width.php","meta":{"footnotes":""},"class_list":["post-11447","page","type-page","status-publish","hentry"],"yoast_head":"<!-- This site is optimized with the Yoast SEO plugin v27.5 - https:\/\/yoast.com\/product\/yoast-seo-wordpress\/ -->\n<title>CC Acerca de Nosotros - Centrica Capital<\/title>\n<meta name=\"robots\" content=\"index, follow, max-snippet:-1, max-image-preview:large, max-video-preview:-1\" \/>\n<link rel=\"canonical\" href=\"https:\/\/grupo-padilla.com\/en\/acerca-de-nostotros-template\/\" \/>\n<meta property=\"og:locale\" content=\"en_US\" \/>\n<meta property=\"og:type\" content=\"article\" \/>\n<meta property=\"og:title\" content=\"CC Acerca de Nosotros - Centrica Capital\" \/>\n<meta property=\"og:description\" content=\"Acerca de Nosotros Centrica Capital es una firma de inversi\u00f3n privada, multiestrat\u00e9gica, que se dedica a identificar y potenciar oportunidades de inversion en Private Equity, Inversiones Alternativas y Fusiones &amp; Adquisiciones en el sector de Middle Markets. Nos enfocamos en la diversificaci\u00f3n de portafolio, flexibilidad y la colaboraci\u00f3n con socios estrat\u00e9gicos para maximizar el retorno [&hellip;]\" \/>\n<meta property=\"og:url\" content=\"https:\/\/grupo-padilla.com\/en\/acerca-de-nostotros-template\/\" \/>\n<meta property=\"og:site_name\" content=\"Centrica Capital\" \/>\n<meta property=\"article:modified_time\" content=\"2026-02-03T17:03:40+00:00\" \/>\n<meta name=\"twitter:card\" content=\"summary_large_image\" \/>\n<meta name=\"twitter:label1\" content=\"Est. reading time\" \/>\n\t<meta name=\"twitter:data1\" content=\"2 minutes\" \/>\n<script type=\"application\/ld+json\" class=\"yoast-schema-graph\">{\"@context\":\"https:\\\/\\\/schema.org\",\"@graph\":[{\"@type\":\"WebPage\",\"@id\":\"https:\\\/\\\/grupo-padilla.com\\\/acerca-de-nostotros-template\",\"url\":\"https:\\\/\\\/grupo-padilla.com\\\/acerca-de-nostotros-template\",\"name\":\"CC Acerca de Nosotros - Centrica Capital\",\"isPartOf\":{\"@id\":\"https:\\\/\\\/grupo-padilla.com\\\/#website\"},\"datePublished\":\"2025-12-18T20:03:16+00:00\",\"dateModified\":\"2026-02-03T17:03:40+00:00\",\"breadcrumb\":{\"@id\":\"https:\\\/\\\/grupo-padilla.com\\\/acerca-de-nostotros-template#breadcrumb\"},\"inLanguage\":\"en-US\",\"potentialAction\":[{\"@type\":\"ReadAction\",\"target\":[\"https:\\\/\\\/grupo-padilla.com\\\/acerca-de-nostotros-template\"]}]},{\"@type\":\"BreadcrumbList\",\"@id\":\"https:\\\/\\\/grupo-padilla.com\\\/acerca-de-nostotros-template#breadcrumb\",\"itemListElement\":[{\"@type\":\"ListItem\",\"position\":1,\"name\":\"Home\",\"item\":\"https:\\\/\\\/grupo-padilla.com\\\/\"},{\"@type\":\"ListItem\",\"position\":2,\"name\":\"CC Acerca de Nosotros\"}]},{\"@type\":\"WebSite\",\"@id\":\"https:\\\/\\\/grupo-padilla.com\\\/#website\",\"url\":\"https:\\\/\\\/grupo-padilla.com\\\/\",\"name\":\"Centrica Capital\",\"description\":\"\",\"publisher\":{\"@id\":\"https:\\\/\\\/grupo-padilla.com\\\/#organization\"},\"potentialAction\":[{\"@type\":\"SearchAction\",\"target\":{\"@type\":\"EntryPoint\",\"urlTemplate\":\"https:\\\/\\\/grupo-padilla.com\\\/?s={search_term_string}\"},\"query-input\":{\"@type\":\"PropertyValueSpecification\",\"valueRequired\":true,\"valueName\":\"search_term_string\"}}],\"inLanguage\":\"en-US\"},{\"@type\":\"Organization\",\"@id\":\"https:\\\/\\\/grupo-padilla.com\\\/#organization\",\"name\":\"Centrica Capital\",\"url\":\"https:\\\/\\\/grupo-padilla.com\\\/\",\"logo\":{\"@type\":\"ImageObject\",\"inLanguage\":\"en-US\",\"@id\":\"https:\\\/\\\/grupo-padilla.com\\\/#\\\/schema\\\/logo\\\/image\\\/\",\"url\":\"https:\\\/\\\/grupo-padilla.com\\\/wp-content\\\/uploads\\\/2025\\\/12\\\/cropped-Untitled-300-x-280-px.png\",\"contentUrl\":\"https:\\\/\\\/grupo-padilla.com\\\/wp-content\\\/uploads\\\/2025\\\/12\\\/cropped-Untitled-300-x-280-px.png\",\"width\":700,\"height\":280,\"caption\":\"Centrica Capital\"},\"image\":{\"@id\":\"https:\\\/\\\/grupo-padilla.com\\\/#\\\/schema\\\/logo\\\/image\\\/\"}}]}<\/script>\n<!-- \/ Yoast SEO plugin. -->","yoast_head_json":{"title":"CC Acerca de Nosotros - Centrica Capital","robots":{"index":"index","follow":"follow","max-snippet":"max-snippet:-1","max-image-preview":"max-image-preview:large","max-video-preview":"max-video-preview:-1"},"canonical":"https:\/\/grupo-padilla.com\/en\/acerca-de-nostotros-template\/","og_locale":"en_US","og_type":"article","og_title":"CC Acerca de Nosotros - Centrica Capital","og_description":"Acerca de Nosotros Centrica Capital es una firma de inversi\u00f3n privada, multiestrat\u00e9gica, que se dedica a identificar y potenciar oportunidades de inversion en Private Equity, Inversiones Alternativas y Fusiones &amp; Adquisiciones en el sector de Middle Markets. Nos enfocamos en la diversificaci\u00f3n de portafolio, flexibilidad y la colaboraci\u00f3n con socios estrat\u00e9gicos para maximizar el retorno [&hellip;]","og_url":"https:\/\/grupo-padilla.com\/en\/acerca-de-nostotros-template\/","og_site_name":"Centrica Capital","article_modified_time":"2026-02-03T17:03:40+00:00","twitter_card":"summary_large_image","twitter_misc":{"Est. reading time":"2 minutes"},"schema":{"@context":"https:\/\/schema.org","@graph":[{"@type":"WebPage","@id":"https:\/\/grupo-padilla.com\/acerca-de-nostotros-template","url":"https:\/\/grupo-padilla.com\/acerca-de-nostotros-template","name":"CC Acerca de Nosotros - Centrica Capital","isPartOf":{"@id":"https:\/\/grupo-padilla.com\/#website"},"datePublished":"2025-12-18T20:03:16+00:00","dateModified":"2026-02-03T17:03:40+00:00","breadcrumb":{"@id":"https:\/\/grupo-padilla.com\/acerca-de-nostotros-template#breadcrumb"},"inLanguage":"en-US","potentialAction":[{"@type":"ReadAction","target":["https:\/\/grupo-padilla.com\/acerca-de-nostotros-template"]}]},{"@type":"BreadcrumbList","@id":"https:\/\/grupo-padilla.com\/acerca-de-nostotros-template#breadcrumb","itemListElement":[{"@type":"ListItem","position":1,"name":"Home","item":"https:\/\/grupo-padilla.com\/"},{"@type":"ListItem","position":2,"name":"CC Acerca de Nosotros"}]},{"@type":"WebSite","@id":"https:\/\/grupo-padilla.com\/#website","url":"https:\/\/grupo-padilla.com\/","name":"Centrica Capital","description":"","publisher":{"@id":"https:\/\/grupo-padilla.com\/#organization"},"potentialAction":[{"@type":"SearchAction","target":{"@type":"EntryPoint","urlTemplate":"https:\/\/grupo-padilla.com\/?s={search_term_string}"},"query-input":{"@type":"PropertyValueSpecification","valueRequired":true,"valueName":"search_term_string"}}],"inLanguage":"en-US"},{"@type":"Organization","@id":"https:\/\/grupo-padilla.com\/#organization","name":"Centrica Capital","url":"https:\/\/grupo-padilla.com\/","logo":{"@type":"ImageObject","inLanguage":"en-US","@id":"https:\/\/grupo-padilla.com\/#\/schema\/logo\/image\/","url":"https:\/\/grupo-padilla.com\/wp-content\/uploads\/2025\/12\/cropped-Untitled-300-x-280-px.png","contentUrl":"https:\/\/grupo-padilla.com\/wp-content\/uploads\/2025\/12\/cropped-Untitled-300-x-280-px.png","width":700,"height":280,"caption":"Centrica Capital"},"image":{"@id":"https:\/\/grupo-padilla.com\/#\/schema\/logo\/image\/"}}]}},"_links":{"self":[{"href":"https:\/\/grupo-padilla.com\/en\/wp-json\/wp\/v2\/pages\/11447","targetHints":{"allow":["GET"]}}],"collection":[{"href":"https:\/\/grupo-padilla.com\/en\/wp-json\/wp\/v2\/pages"}],"about":[{"href":"https:\/\/grupo-padilla.com\/en\/wp-json\/wp\/v2\/types\/page"}],"author":[{"embeddable":true,"href":"https:\/\/grupo-padilla.com\/en\/wp-json\/wp\/v2\/users\/2"}],"replies":[{"embeddable":true,"href":"https:\/\/grupo-padilla.com\/en\/wp-json\/wp\/v2\/comments?post=11447"}],"version-history":[{"count":55,"href":"https:\/\/grupo-padilla.com\/en\/wp-json\/wp\/v2\/pages\/11447\/revisions"}],"predecessor-version":[{"id":12153,"href":"https:\/\/grupo-padilla.com\/en\/wp-json\/wp\/v2\/pages\/11447\/revisions\/12153"}],"wp:attachment":[{"href":"https:\/\/grupo-padilla.com\/en\/wp-json\/wp\/v2\/media?parent=11447"}],"curies":[{"name":"wp","href":"https:\/\/api.w.org\/{rel}","templated":true}]}}