{"id":11587,"date":"2025-12-22T19:32:04","date_gmt":"2025-12-22T19:32:04","guid":{"rendered":"https:\/\/grupo-padilla.com\/?page_id=11587"},"modified":"2026-02-17T16:38:55","modified_gmt":"2026-02-17T16:38:55","slug":"cc-estrategias-de-inversion","status":"publish","type":"page","link":"https:\/\/grupo-padilla.com\/en\/cc-estrategias-de-inversion","title":{"rendered":"CC Estrategias de Inversion"},"content":{"rendered":"<div data-elementor-type=\"wp-page\" data-elementor-id=\"11587\" class=\"elementor elementor-11587\">\n\t\t\t\t\t\t<section class=\"elementor-section elementor-top-section elementor-element elementor-element-19839d2 elementor-section-full_width elementor-section-height-min-height elementor-section-height-default elementor-section-items-middle\" data-id=\"19839d2\" data-element_type=\"section\" data-e-type=\"section\" data-settings=\"{&quot;background_background&quot;:&quot;classic&quot;}\">\n\t\t\t\t\t\t<div class=\"elementor-container elementor-column-gap-no\">\n\t\t\t\t\t<div class=\"elementor-column elementor-col-100 elementor-top-column elementor-element elementor-element-9fa3f9d\" data-id=\"9fa3f9d\" data-element_type=\"column\" data-e-type=\"column\">\n\t\t\t<div class=\"elementor-widget-wrap elementor-element-populated\">\n\t\t\t\t\t\t<div class=\"elementor-element elementor-element-14ec6fa elementor-widget elementor-widget-heading\" data-id=\"14ec6fa\" data-element_type=\"widget\" data-e-type=\"widget\" data-widget_type=\"heading.default\">\n\t\t\t\t<div class=\"elementor-widget-container\">\n\t\t\t\t\t<h1 class=\"elementor-heading-title elementor-size-default\">Investment Strategies<\/h1>\t\t\t\t<\/div>\n\t\t\t\t<\/div>\n\t\t\t\t\t<\/div>\n\t\t<\/div>\n\t\t\t\t\t<\/div>\n\t\t<\/section>\n\t\t<div class=\"elementor-element elementor-element-274ccf3 e-grid e-con-boxed e-con e-parent\" data-id=\"274ccf3\" data-element_type=\"container\" data-e-type=\"container\" data-settings=\"{&quot;background_background&quot;:&quot;classic&quot;}\">\n\t\t\t\t\t<div class=\"e-con-inner\">\n\t\t\t\t<div class=\"elementor-element elementor-element-8be7a83 elementor-widget elementor-widget-heading\" data-id=\"8be7a83\" data-element_type=\"widget\" data-e-type=\"widget\" data-widget_type=\"heading.default\">\n\t\t\t\t<div class=\"elementor-widget-container\">\n\t\t\t\t\t<h2 class=\"elementor-heading-title elementor-size-default\"><a href=\"https:\/\/grupo-padilla.com\/en\/alternative-investment\/\">Alternative Investments<\/a><\/h2>\t\t\t\t<\/div>\n\t\t\t\t<\/div>\n\t\t\t\t<div class=\"elementor-element elementor-element-ebdba4a elementor-widget elementor-widget-text-editor\" data-id=\"ebdba4a\" data-element_type=\"widget\" data-e-type=\"widget\" data-widget_type=\"text-editor.default\">\n\t\t\t\t<div class=\"elementor-widget-container\">\n\t\t\t\t\t\t\t\t\t<p>We invest across the spectrum of alternative products, including private equity, private credit, and co-investments, to access opportunities beyond traditional public markets. We target strategies that generate competitive and diversified returns, as well as attractive risk-adjusted performance and capital appreciation.<\/p>\t\t\t\t\t\t\t\t<\/div>\n\t\t\t\t<\/div>\n\t\t\t\t\t<\/div>\n\t\t\t\t<\/div>\n\t\t<div class=\"elementor-element elementor-element-4ee78f4 e-flex e-con-boxed e-con e-parent\" data-id=\"4ee78f4\" data-element_type=\"container\" data-e-type=\"container\" data-settings=\"{&quot;background_background&quot;:&quot;classic&quot;}\">\n\t\t\t\t\t<div class=\"e-con-inner\">\n\t\t\t\t<div class=\"elementor-element elementor-element-2d9991a elementor-widget-divider--view-line elementor-widget elementor-widget-divider\" data-id=\"2d9991a\" data-element_type=\"widget\" data-e-type=\"widget\" data-widget_type=\"divider.default\">\n\t\t\t\t<div class=\"elementor-widget-container\">\n\t\t\t\t\t\t\t<div class=\"elementor-divider\">\n\t\t\t<span class=\"elementor-divider-separator\">\n\t\t\t\t\t\t<\/span>\n\t\t<\/div>\n\t\t\t\t\t\t<\/div>\n\t\t\t\t<\/div>\n\t\t\t\t\t<\/div>\n\t\t\t\t<\/div>\n\t\t<div class=\"elementor-element elementor-element-315f683 e-grid e-con-boxed e-con e-parent\" data-id=\"315f683\" data-element_type=\"container\" data-e-type=\"container\" data-settings=\"{&quot;background_background&quot;:&quot;classic&quot;}\">\n\t\t\t\t\t<div class=\"e-con-inner\">\n\t\t\t\t<div class=\"elementor-element elementor-element-1b38fe4 elementor-widget elementor-widget-heading\" data-id=\"1b38fe4\" data-element_type=\"widget\" data-e-type=\"widget\" data-widget_type=\"heading.default\">\n\t\t\t\t<div class=\"elementor-widget-container\">\n\t\t\t\t\t<h2 class=\"elementor-heading-title elementor-size-default\"><a href=\"https:\/\/grupo-padilla.com\/en\/direct-investment\/\">Direct Investments<\/a><\/h2>\t\t\t\t<\/div>\n\t\t\t\t<\/div>\n\t\t\t\t<div class=\"elementor-element elementor-element-b65f093 elementor-widget elementor-widget-text-editor\" data-id=\"b65f093\" data-element_type=\"widget\" data-e-type=\"widget\" data-widget_type=\"text-editor.default\">\n\t\t\t\t<div class=\"elementor-widget-container\">\n\t\t\t\t\t\t\t\t\t<p>We make direct investments in companies in Latin America and the United States, focusing on opportunities where we can actively support growth. Our approach combines investment capital with strategic vision to help companies grow and succeed in the long term.<\/p>\t\t\t\t\t\t\t\t<\/div>\n\t\t\t\t<\/div>\n\t\t\t\t\t<\/div>\n\t\t\t\t<\/div>\n\t\t<div class=\"elementor-element elementor-element-3bd4307 e-flex e-con-boxed e-con e-parent\" data-id=\"3bd4307\" data-element_type=\"container\" data-e-type=\"container\" data-settings=\"{&quot;background_background&quot;:&quot;classic&quot;}\">\n\t\t\t\t\t<div class=\"e-con-inner\">\n\t\t\t\t<div class=\"elementor-element elementor-element-7a1f3ac elementor-widget-divider--view-line elementor-widget elementor-widget-divider\" data-id=\"7a1f3ac\" data-element_type=\"widget\" data-e-type=\"widget\" data-widget_type=\"divider.default\">\n\t\t\t\t<div class=\"elementor-widget-container\">\n\t\t\t\t\t\t\t<div class=\"elementor-divider\">\n\t\t\t<span class=\"elementor-divider-separator\">\n\t\t\t\t\t\t<\/span>\n\t\t<\/div>\n\t\t\t\t\t\t<\/div>\n\t\t\t\t<\/div>\n\t\t\t\t\t<\/div>\n\t\t\t\t<\/div>\n\t\t<div class=\"elementor-element elementor-element-73c005a e-grid e-con-boxed e-con e-parent\" data-id=\"73c005a\" data-element_type=\"container\" data-e-type=\"container\" data-settings=\"{&quot;background_background&quot;:&quot;classic&quot;}\">\n\t\t\t\t\t<div class=\"e-con-inner\">\n\t\t\t\t<div class=\"elementor-element elementor-element-7d08b50 elementor-widget elementor-widget-heading\" data-id=\"7d08b50\" data-element_type=\"widget\" data-e-type=\"widget\" data-widget_type=\"heading.default\">\n\t\t\t\t<div class=\"elementor-widget-container\">\n\t\t\t\t\t<h2 class=\"elementor-heading-title elementor-size-default\"><a href=\"https:\/\/grupo-padilla.com\/en\/fixed-and-variable-income\/\">Fixed &amp; Variable Income Investments<\/a><\/h2>\t\t\t\t<\/div>\n\t\t\t\t<\/div>\n\t\t\t\t<div class=\"elementor-element elementor-element-bad75f6 elementor-widget elementor-widget-text-editor\" data-id=\"bad75f6\" data-element_type=\"widget\" data-e-type=\"widget\" data-widget_type=\"text-editor.default\">\n\t\t\t\t<div class=\"elementor-widget-container\">\n\t\t\t\t\t\t\t\t\t<p>We invest in fixed-income instruments to provide stability and consistent income across our portfolio. By diversifying across different types of bonds in the market, our goal is capital appreciation and generating consistent returns that complement our investment platform.<\/p>\t\t\t\t\t\t\t\t<\/div>\n\t\t\t\t<\/div>\n\t\t\t\t\t<\/div>\n\t\t\t\t<\/div>\n\t\t<div class=\"elementor-element elementor-element-3067b76 e-flex e-con-boxed e-con e-parent\" data-id=\"3067b76\" data-element_type=\"container\" data-e-type=\"container\" data-settings=\"{&quot;background_background&quot;:&quot;classic&quot;}\">\n\t\t\t\t\t<div class=\"e-con-inner\">\n\t\t\t\t<div class=\"elementor-element elementor-element-67089c5 elementor-widget-divider--view-line elementor-widget elementor-widget-divider\" data-id=\"67089c5\" data-element_type=\"widget\" data-e-type=\"widget\" data-widget_type=\"divider.default\">\n\t\t\t\t<div class=\"elementor-widget-container\">\n\t\t\t\t\t\t\t<div class=\"elementor-divider\">\n\t\t\t<span class=\"elementor-divider-separator\">\n\t\t\t\t\t\t<\/span>\n\t\t<\/div>\n\t\t\t\t\t\t<\/div>\n\t\t\t\t<\/div>\n\t\t\t\t\t<\/div>\n\t\t\t\t<\/div>\n\t\t\t\t<\/div>","protected":false},"excerpt":{"rendered":"<p>Estrategias de Inversi\u00f3n Inversiones Alternativas Invertimos en todo el espectro de productos alternativos, incluyendo Private Equity, Cr\u00e9dito Privado y Co-Inversiones, para acceder a oportunidades m\u00e1s all\u00e1 de los mercados p\u00fablicos tradicionales. Apuntamos a estrategias que generen retornos competitivos y diversificados, as\u00ed como un desempe\u00f1o atractivo ajustado al riesgo y apreciaci\u00f3n de capital. Inversiones Directas Realizamos [&hellip;]<\/p>\n","protected":false},"author":2,"featured_media":0,"parent":0,"menu_order":0,"comment_status":"closed","ping_status":"closed","template":"page-full-width.php","meta":{"footnotes":""},"class_list":["post-11587","page","type-page","status-publish","hentry"],"yoast_head":"<!-- This site is optimized with the Yoast SEO plugin v27.5 - https:\/\/yoast.com\/product\/yoast-seo-wordpress\/ -->\n<title>CC Estrategias de Inversion - Centrica Capital<\/title>\n<meta name=\"robots\" content=\"index, follow, max-snippet:-1, max-image-preview:large, max-video-preview:-1\" \/>\n<link rel=\"canonical\" href=\"https:\/\/grupo-padilla.com\/en\/cc-estrategias-de-inversion\/\" \/>\n<meta property=\"og:locale\" content=\"en_US\" \/>\n<meta property=\"og:type\" content=\"article\" \/>\n<meta property=\"og:title\" content=\"CC Estrategias de Inversion - Centrica Capital\" \/>\n<meta property=\"og:description\" content=\"Estrategias de Inversi\u00f3n Inversiones Alternativas Invertimos en todo el espectro de productos alternativos, incluyendo Private Equity, Cr\u00e9dito Privado y Co-Inversiones, para acceder a oportunidades m\u00e1s all\u00e1 de los mercados p\u00fablicos tradicionales. Apuntamos a estrategias que generen retornos competitivos y diversificados, as\u00ed como un desempe\u00f1o atractivo ajustado al riesgo y apreciaci\u00f3n de capital. Inversiones Directas Realizamos [&hellip;]\" \/>\n<meta property=\"og:url\" content=\"https:\/\/grupo-padilla.com\/en\/cc-estrategias-de-inversion\/\" \/>\n<meta property=\"og:site_name\" content=\"Centrica Capital\" \/>\n<meta property=\"article:modified_time\" content=\"2026-02-17T16:38:55+00:00\" \/>\n<meta name=\"twitter:card\" content=\"summary_large_image\" \/>\n<meta name=\"twitter:label1\" content=\"Est. reading time\" \/>\n\t<meta name=\"twitter:data1\" content=\"1 minute\" \/>\n<script type=\"application\/ld+json\" class=\"yoast-schema-graph\">{\"@context\":\"https:\\\/\\\/schema.org\",\"@graph\":[{\"@type\":\"WebPage\",\"@id\":\"https:\\\/\\\/grupo-padilla.com\\\/cc-estrategias-de-inversion\",\"url\":\"https:\\\/\\\/grupo-padilla.com\\\/cc-estrategias-de-inversion\",\"name\":\"CC Estrategias de Inversion - Centrica Capital\",\"isPartOf\":{\"@id\":\"https:\\\/\\\/grupo-padilla.com\\\/#website\"},\"datePublished\":\"2025-12-22T19:32:04+00:00\",\"dateModified\":\"2026-02-17T16:38:55+00:00\",\"breadcrumb\":{\"@id\":\"https:\\\/\\\/grupo-padilla.com\\\/cc-estrategias-de-inversion#breadcrumb\"},\"inLanguage\":\"en-US\",\"potentialAction\":[{\"@type\":\"ReadAction\",\"target\":[\"https:\\\/\\\/grupo-padilla.com\\\/cc-estrategias-de-inversion\"]}]},{\"@type\":\"BreadcrumbList\",\"@id\":\"https:\\\/\\\/grupo-padilla.com\\\/cc-estrategias-de-inversion#breadcrumb\",\"itemListElement\":[{\"@type\":\"ListItem\",\"position\":1,\"name\":\"Home\",\"item\":\"https:\\\/\\\/grupo-padilla.com\\\/\"},{\"@type\":\"ListItem\",\"position\":2,\"name\":\"CC Estrategias de Inversion\"}]},{\"@type\":\"WebSite\",\"@id\":\"https:\\\/\\\/grupo-padilla.com\\\/#website\",\"url\":\"https:\\\/\\\/grupo-padilla.com\\\/\",\"name\":\"Centrica Capital\",\"description\":\"\",\"publisher\":{\"@id\":\"https:\\\/\\\/grupo-padilla.com\\\/#organization\"},\"potentialAction\":[{\"@type\":\"SearchAction\",\"target\":{\"@type\":\"EntryPoint\",\"urlTemplate\":\"https:\\\/\\\/grupo-padilla.com\\\/?s={search_term_string}\"},\"query-input\":{\"@type\":\"PropertyValueSpecification\",\"valueRequired\":true,\"valueName\":\"search_term_string\"}}],\"inLanguage\":\"en-US\"},{\"@type\":\"Organization\",\"@id\":\"https:\\\/\\\/grupo-padilla.com\\\/#organization\",\"name\":\"Centrica Capital\",\"url\":\"https:\\\/\\\/grupo-padilla.com\\\/\",\"logo\":{\"@type\":\"ImageObject\",\"inLanguage\":\"en-US\",\"@id\":\"https:\\\/\\\/grupo-padilla.com\\\/#\\\/schema\\\/logo\\\/image\\\/\",\"url\":\"https:\\\/\\\/grupo-padilla.com\\\/wp-content\\\/uploads\\\/2025\\\/12\\\/cropped-Untitled-300-x-280-px.png\",\"contentUrl\":\"https:\\\/\\\/grupo-padilla.com\\\/wp-content\\\/uploads\\\/2025\\\/12\\\/cropped-Untitled-300-x-280-px.png\",\"width\":700,\"height\":280,\"caption\":\"Centrica Capital\"},\"image\":{\"@id\":\"https:\\\/\\\/grupo-padilla.com\\\/#\\\/schema\\\/logo\\\/image\\\/\"}}]}<\/script>\n<!-- \/ Yoast SEO plugin. -->","yoast_head_json":{"title":"CC Estrategias de Inversion - Centrica Capital","robots":{"index":"index","follow":"follow","max-snippet":"max-snippet:-1","max-image-preview":"max-image-preview:large","max-video-preview":"max-video-preview:-1"},"canonical":"https:\/\/grupo-padilla.com\/en\/cc-estrategias-de-inversion\/","og_locale":"en_US","og_type":"article","og_title":"CC Estrategias de Inversion - Centrica Capital","og_description":"Estrategias de Inversi\u00f3n Inversiones Alternativas Invertimos en todo el espectro de productos alternativos, incluyendo Private Equity, Cr\u00e9dito Privado y Co-Inversiones, para acceder a oportunidades m\u00e1s all\u00e1 de los mercados p\u00fablicos tradicionales. Apuntamos a estrategias que generen retornos competitivos y diversificados, as\u00ed como un desempe\u00f1o atractivo ajustado al riesgo y apreciaci\u00f3n de capital. Inversiones Directas Realizamos [&hellip;]","og_url":"https:\/\/grupo-padilla.com\/en\/cc-estrategias-de-inversion\/","og_site_name":"Centrica Capital","article_modified_time":"2026-02-17T16:38:55+00:00","twitter_card":"summary_large_image","twitter_misc":{"Est. reading time":"1 minute"},"schema":{"@context":"https:\/\/schema.org","@graph":[{"@type":"WebPage","@id":"https:\/\/grupo-padilla.com\/cc-estrategias-de-inversion","url":"https:\/\/grupo-padilla.com\/cc-estrategias-de-inversion","name":"CC Estrategias de Inversion - Centrica Capital","isPartOf":{"@id":"https:\/\/grupo-padilla.com\/#website"},"datePublished":"2025-12-22T19:32:04+00:00","dateModified":"2026-02-17T16:38:55+00:00","breadcrumb":{"@id":"https:\/\/grupo-padilla.com\/cc-estrategias-de-inversion#breadcrumb"},"inLanguage":"en-US","potentialAction":[{"@type":"ReadAction","target":["https:\/\/grupo-padilla.com\/cc-estrategias-de-inversion"]}]},{"@type":"BreadcrumbList","@id":"https:\/\/grupo-padilla.com\/cc-estrategias-de-inversion#breadcrumb","itemListElement":[{"@type":"ListItem","position":1,"name":"Home","item":"https:\/\/grupo-padilla.com\/"},{"@type":"ListItem","position":2,"name":"CC Estrategias de Inversion"}]},{"@type":"WebSite","@id":"https:\/\/grupo-padilla.com\/#website","url":"https:\/\/grupo-padilla.com\/","name":"Centrica Capital","description":"","publisher":{"@id":"https:\/\/grupo-padilla.com\/#organization"},"potentialAction":[{"@type":"SearchAction","target":{"@type":"EntryPoint","urlTemplate":"https:\/\/grupo-padilla.com\/?s={search_term_string}"},"query-input":{"@type":"PropertyValueSpecification","valueRequired":true,"valueName":"search_term_string"}}],"inLanguage":"en-US"},{"@type":"Organization","@id":"https:\/\/grupo-padilla.com\/#organization","name":"Centrica Capital","url":"https:\/\/grupo-padilla.com\/","logo":{"@type":"ImageObject","inLanguage":"en-US","@id":"https:\/\/grupo-padilla.com\/#\/schema\/logo\/image\/","url":"https:\/\/grupo-padilla.com\/wp-content\/uploads\/2025\/12\/cropped-Untitled-300-x-280-px.png","contentUrl":"https:\/\/grupo-padilla.com\/wp-content\/uploads\/2025\/12\/cropped-Untitled-300-x-280-px.png","width":700,"height":280,"caption":"Centrica Capital"},"image":{"@id":"https:\/\/grupo-padilla.com\/#\/schema\/logo\/image\/"}}]}},"_links":{"self":[{"href":"https:\/\/grupo-padilla.com\/en\/wp-json\/wp\/v2\/pages\/11587","targetHints":{"allow":["GET"]}}],"collection":[{"href":"https:\/\/grupo-padilla.com\/en\/wp-json\/wp\/v2\/pages"}],"about":[{"href":"https:\/\/grupo-padilla.com\/en\/wp-json\/wp\/v2\/types\/page"}],"author":[{"embeddable":true,"href":"https:\/\/grupo-padilla.com\/en\/wp-json\/wp\/v2\/users\/2"}],"replies":[{"embeddable":true,"href":"https:\/\/grupo-padilla.com\/en\/wp-json\/wp\/v2\/comments?post=11587"}],"version-history":[{"count":36,"href":"https:\/\/grupo-padilla.com\/en\/wp-json\/wp\/v2\/pages\/11587\/revisions"}],"predecessor-version":[{"id":12244,"href":"https:\/\/grupo-padilla.com\/en\/wp-json\/wp\/v2\/pages\/11587\/revisions\/12244"}],"wp:attachment":[{"href":"https:\/\/grupo-padilla.com\/en\/wp-json\/wp\/v2\/media?parent=11587"}],"curies":[{"name":"wp","href":"https:\/\/api.w.org\/{rel}","templated":true}]}}